{"id":1147,"date":"2025-02-09T20:37:23","date_gmt":"2025-02-09T19:37:23","guid":{"rendered":"https:\/\/www.ikt-edvprojekte.eu\/unger\/ikt22-25\/mits.laura\/wp\/?post_type=product&#038;p=1147"},"modified":"2025-02-09T20:37:23","modified_gmt":"2025-02-09T19:37:23","slug":"wimpernserum","status":"publish","type":"product","link":"https:\/\/www.ikt-edvprojekte.eu\/unger\/ikt22-25\/mits.laura\/wp\/product\/wimpernserum\/","title":{"rendered":"Wimpernserum"},"content":{"rendered":"<p><strong>Wimpernserum &#8211; L\u00e4ngere, dichtere &amp; st\u00e4rkere Wimpern!<\/strong><\/p>\n<p>Tr\u00e4umst du von langen, dichten und gesunden Wimpern? Unser <strong>hochwirksames Wimpernserum<\/strong> st\u00e4rkt deine Naturwimpern von der Wurzel an und f\u00f6rdert ihr Wachstum &#8211; f\u00fcr einen verf\u00fchrerischen Augenaufschlag ganz ohne Fake Lashes!<\/p>\n<p><strong>Vorteile:<\/strong><\/p>\n<p>Sichtbar l\u00e4ngere &amp; dichtere Wimpern<\/p>\n<p>St\u00e4rkt &amp; pflegt die Wimpernwurzeln<\/p>\n<p>Einfache Anwendung &#8211; nur einmal t\u00e4glich<\/p>\n<p>Sanfte, dermatologisch getestete Formel<\/p>\n<p>Ideal f\u00fcr empfindliche Augen &amp; Kontaktlinsentr\u00e4ger<\/p>\n","protected":false},"excerpt":{"rendered":"<p>G\u00f6nn deinen Wimpern die Pflege, die sie verdienen &#8211; f\u00fcr einen nat\u00fcrlichen, atemberaubenden Look!<\/p>\n","protected":false},"featured_media":1148,"comment_status":"open","ping_status":"closed","template":"","meta":[],"product_brand":[],"product_cat":[18],"product_tag":[],"class_list":{"0":"post-1147","1":"product","2":"type-product","3":"status-publish","4":"has-post-thumbnail","6":"product_cat-uncategorized","8":"first","9":"instock","10":"shipping-taxable","11":"purchasable","12":"product-type-simple"},"jetpack_sharing_enabled":true,"_links":{"self":[{"href":"https:\/\/www.ikt-edvprojekte.eu\/unger\/ikt22-25\/mits.laura\/wp\/wp-json\/wp\/v2\/product\/1147","targetHints":{"allow":["GET"]}}],"collection":[{"href":"https:\/\/www.ikt-edvprojekte.eu\/unger\/ikt22-25\/mits.laura\/wp\/wp-json\/wp\/v2\/product"}],"about":[{"href":"https:\/\/www.ikt-edvprojekte.eu\/unger\/ikt22-25\/mits.laura\/wp\/wp-json\/wp\/v2\/types\/product"}],"replies":[{"embeddable":true,"href":"https:\/\/www.ikt-edvprojekte.eu\/unger\/ikt22-25\/mits.laura\/wp\/wp-json\/wp\/v2\/comments?post=1147"}],"wp:featuredmedia":[{"embeddable":true,"href":"https:\/\/www.ikt-edvprojekte.eu\/unger\/ikt22-25\/mits.laura\/wp\/wp-json\/wp\/v2\/media\/1148"}],"wp:attachment":[{"href":"https:\/\/www.ikt-edvprojekte.eu\/unger\/ikt22-25\/mits.laura\/wp\/wp-json\/wp\/v2\/media?parent=1147"}],"wp:term":[{"taxonomy":"product_brand","embeddable":true,"href":"https:\/\/www.ikt-edvprojekte.eu\/unger\/ikt22-25\/mits.laura\/wp\/wp-json\/wp\/v2\/product_brand?post=1147"},{"taxonomy":"product_cat","embeddable":true,"href":"https:\/\/www.ikt-edvprojekte.eu\/unger\/ikt22-25\/mits.laura\/wp\/wp-json\/wp\/v2\/product_cat?post=1147"},{"taxonomy":"product_tag","embeddable":true,"href":"https:\/\/www.ikt-edvprojekte.eu\/unger\/ikt22-25\/mits.laura\/wp\/wp-json\/wp\/v2\/product_tag?post=1147"}],"curies":[{"name":"wp","href":"https:\/\/api.w.org\/{rel}","templated":true}]}}