{"id":180,"date":"2024-12-16T13:07:01","date_gmt":"2024-12-16T12:07:01","guid":{"rendered":"https:\/\/www.ikt-edvprojekte.eu\/unger\/ikt22-25\/kirval.fatmanur\/wp\/?page_id=180"},"modified":"2025-03-21T10:26:11","modified_gmt":"2025-03-21T09:26:11","slug":"ueber-uns","status":"publish","type":"page","link":"https:\/\/www.ikt-edvprojekte.eu\/unger\/ikt22-25\/kirval.fatmanur\/wp\/ueber-uns\/","title":{"rendered":"\u00dcber uns"},"content":{"rendered":"\n<p class=\"has-black-color has-text-color has-link-color wp-elements-fcfd2ae11a8441f0812e2d42082c8b73\">Wir sind Sch\u00fclerinnen und Sch\u00fcler der HAK Wiener Neustadt und erstellen diese Website f\u00fcr unsere Diplomarbeit.<\/p>\n\n\n\n<p>Fatma Nur Kirval 5AK (Projektleiterin)<\/p>\n\n\n\n<p>Geburtsdatum: 04.05.2005<\/p>\n\n\n\n<p>Wohnort: Blumau<\/p>\n\n\n\n<p>Motto:&nbsp; If you keep looking down on everyone, you will never notice your own weaknesses.<\/p>\n\n\n\n<figure class=\"wp-block-image size-large is-resized\"><img loading=\"lazy\" decoding=\"async\" width=\"768\" height=\"1024\" src=\"https:\/\/www.ikt-edvprojekte.eu\/unger\/ikt22-25\/kirval.fatmanur\/wp\/wp-content\/uploads\/2025\/01\/Dal-Fatma-Nur-768x1024.jpeg\" alt=\"\" class=\"wp-image-283\" style=\"width:399px;height:auto\" srcset=\"https:\/\/www.ikt-edvprojekte.eu\/unger\/ikt22-25\/kirval.fatmanur\/wp\/wp-content\/uploads\/2025\/01\/Dal-Fatma-Nur-768x1024.jpeg 768w, https:\/\/www.ikt-edvprojekte.eu\/unger\/ikt22-25\/kirval.fatmanur\/wp\/wp-content\/uploads\/2025\/01\/Dal-Fatma-Nur-225x300.jpeg 225w, https:\/\/www.ikt-edvprojekte.eu\/unger\/ikt22-25\/kirval.fatmanur\/wp\/wp-content\/uploads\/2025\/01\/Dal-Fatma-Nur-1152x1536.jpeg 1152w, https:\/\/www.ikt-edvprojekte.eu\/unger\/ikt22-25\/kirval.fatmanur\/wp\/wp-content\/uploads\/2025\/01\/Dal-Fatma-Nur-1536x2048.jpeg 1536w, https:\/\/www.ikt-edvprojekte.eu\/unger\/ikt22-25\/kirval.fatmanur\/wp\/wp-content\/uploads\/2025\/01\/Dal-Fatma-Nur-scaled.jpeg 1920w\" sizes=\"auto, (max-width: 768px) 100vw, 768px\" \/><\/figure>\n\n\n\n<p>Nour Ali 5AK<\/p>\n\n\n\n<p>Geburtsdatum: 29.04.2005<\/p>\n\n\n\n<p>Wohnort: Wiener Neustadt<\/p>\n\n\n\n<p>Motto: Gro\u00dfe Tr\u00e4ume erfordern gro\u00dfes Selbstbewusstsein<\/p>\n\n\n\n<figure class=\"wp-block-image size-full is-resized\"><img loading=\"lazy\" decoding=\"async\" width=\"574\" height=\"672\" src=\"https:\/\/www.ikt-edvprojekte.eu\/unger\/ikt22-25\/kirval.fatmanur\/wp\/wp-content\/uploads\/2025\/01\/Ali-Nour.png\" alt=\"\" class=\"wp-image-284\" style=\"width:403px;height:auto\" srcset=\"https:\/\/www.ikt-edvprojekte.eu\/unger\/ikt22-25\/kirval.fatmanur\/wp\/wp-content\/uploads\/2025\/01\/Ali-Nour.png 574w, https:\/\/www.ikt-edvprojekte.eu\/unger\/ikt22-25\/kirval.fatmanur\/wp\/wp-content\/uploads\/2025\/01\/Ali-Nour-256x300.png 256w\" sizes=\"auto, (max-width: 574px) 100vw, 574px\" \/><\/figure>\n\n\n\n<p>Stefan Litschka 5AK<\/p>\n\n\n\n<p>Geburtsdatum: 08.05.2006<\/p>\n\n\n\n<p>Wohnort: Neud\u00f6rfl<\/p>\n\n\n\n<p>Motto: If you can dream it \u2013 you can do it<\/p>\n\n\n\n<figure class=\"wp-block-image size-large is-resized\"><img loading=\"lazy\" decoding=\"async\" width=\"683\" height=\"1024\" src=\"https:\/\/www.ikt-edvprojekte.eu\/unger\/ikt22-25\/kirval.fatmanur\/wp\/wp-content\/uploads\/2025\/01\/Litschka-Stefan-683x1024.jpeg\" alt=\"\" class=\"wp-image-285\" style=\"width:393px;height:auto\" srcset=\"https:\/\/www.ikt-edvprojekte.eu\/unger\/ikt22-25\/kirval.fatmanur\/wp\/wp-content\/uploads\/2025\/01\/Litschka-Stefan-683x1024.jpeg 683w, https:\/\/www.ikt-edvprojekte.eu\/unger\/ikt22-25\/kirval.fatmanur\/wp\/wp-content\/uploads\/2025\/01\/Litschka-Stefan-200x300.jpeg 200w, https:\/\/www.ikt-edvprojekte.eu\/unger\/ikt22-25\/kirval.fatmanur\/wp\/wp-content\/uploads\/2025\/01\/Litschka-Stefan-768x1152.jpeg 768w, https:\/\/www.ikt-edvprojekte.eu\/unger\/ikt22-25\/kirval.fatmanur\/wp\/wp-content\/uploads\/2025\/01\/Litschka-Stefan-1024x1536.jpeg 1024w, https:\/\/www.ikt-edvprojekte.eu\/unger\/ikt22-25\/kirval.fatmanur\/wp\/wp-content\/uploads\/2025\/01\/Litschka-Stefan-1365x2048.jpeg 1365w, https:\/\/www.ikt-edvprojekte.eu\/unger\/ikt22-25\/kirval.fatmanur\/wp\/wp-content\/uploads\/2025\/01\/Litschka-Stefan-scaled.jpeg 1707w\" sizes=\"auto, (max-width: 683px) 100vw, 683px\" \/><\/figure>\n\n\n\n<p><\/p>\n","protected":false},"excerpt":{"rendered":"<p>Wir sind Sch\u00fclerinnen und Sch\u00fcler der HAK Wiener Neustadt und erstellen diese Website f\u00fcr unsere Diplomarbeit. Fatma Nur Kirval 5AK (Projektleiterin) Geburtsdatum: 04.05.2005 Wohnort: Blumau Motto:&nbsp; If you keep looking down on everyone, you will never notice your own weaknesses. Nour Ali 5AK Geburtsdatum: 29.04.2005 Wohnort: Wiener Neustadt Motto: Gro\u00dfe Tr\u00e4ume erfordern gro\u00dfes Selbstbewusstsein Stefan<\/p>\n","protected":false},"author":1,"featured_media":0,"parent":0,"menu_order":0,"comment_status":"closed","ping_status":"closed","template":"","meta":{"footnotes":""},"class_list":["post-180","page","type-page","status-publish","hentry"],"_links":{"self":[{"href":"https:\/\/www.ikt-edvprojekte.eu\/unger\/ikt22-25\/kirval.fatmanur\/wp\/wp-json\/wp\/v2\/pages\/180","targetHints":{"allow":["GET"]}}],"collection":[{"href":"https:\/\/www.ikt-edvprojekte.eu\/unger\/ikt22-25\/kirval.fatmanur\/wp\/wp-json\/wp\/v2\/pages"}],"about":[{"href":"https:\/\/www.ikt-edvprojekte.eu\/unger\/ikt22-25\/kirval.fatmanur\/wp\/wp-json\/wp\/v2\/types\/page"}],"author":[{"embeddable":true,"href":"https:\/\/www.ikt-edvprojekte.eu\/unger\/ikt22-25\/kirval.fatmanur\/wp\/wp-json\/wp\/v2\/users\/1"}],"replies":[{"embeddable":true,"href":"https:\/\/www.ikt-edvprojekte.eu\/unger\/ikt22-25\/kirval.fatmanur\/wp\/wp-json\/wp\/v2\/comments?post=180"}],"version-history":[{"count":3,"href":"https:\/\/www.ikt-edvprojekte.eu\/unger\/ikt22-25\/kirval.fatmanur\/wp\/wp-json\/wp\/v2\/pages\/180\/revisions"}],"predecessor-version":[{"id":339,"href":"https:\/\/www.ikt-edvprojekte.eu\/unger\/ikt22-25\/kirval.fatmanur\/wp\/wp-json\/wp\/v2\/pages\/180\/revisions\/339"}],"wp:attachment":[{"href":"https:\/\/www.ikt-edvprojekte.eu\/unger\/ikt22-25\/kirval.fatmanur\/wp\/wp-json\/wp\/v2\/media?parent=180"}],"curies":[{"name":"wp","href":"https:\/\/api.w.org\/{rel}","templated":true}]}}