{"id":20,"date":"2023-10-13T09:06:17","date_gmt":"2023-10-13T07:06:17","guid":{"rendered":"https:\/\/www.ikt-edvprojekte.eu\/unger\/ikt22-25\/dragicevic.teodora\/wp\/?page_id=20"},"modified":"2023-10-13T09:06:17","modified_gmt":"2023-10-13T07:06:17","slug":"lashes","status":"publish","type":"page","link":"https:\/\/www.ikt-edvprojekte.eu\/unger\/ikt22-25\/dragicevic.teodora\/wp\/lashes\/","title":{"rendered":"Lashes"},"content":{"rendered":"\n<h2 class=\"wp-block-heading\">K\u00fcnstliche Wimpern \u2013 die fabelhafte Welt der Fake Lashes<\/h2>\n\n\n\n<p>Sie wollen der Natur etwas nachhelfen? Wenn Ihre eigenen Wimpern nicht ganz so dicht wachsen, wie Sie sich das w\u00fcnschen, setzen Sie auf Wimpernverdichtung! Mit&nbsp;<a href=\"https:\/\/www.dm.at\/make-up\/augen\/kuenstliche-wimpern\">Fake Lashes<\/a>&nbsp;haben Sie jede Menge M\u00f6glichkeiten. Falsche Wimpern werden zwischen die eigenen Wimpern geklebt, wodurch Sie insgesamt mehr Dichte und Volumen erzielen. Sehen wir uns die verschiedenen Arten von Fake Lashes einmal an.<\/p>\n\n\n\n<p>Echthaar-Wimpern etwa bestehen entweder aus echtem menschlichem Kopfhaar, Tierhaar (Nerz) oder der Seidenfaser der Seidenraupe. Das jeweilige Haar wird sterilisiert und gef\u00e4rbt, die daraus hergestellten Wimpern sind besonders hochwertig und bieten einen sehr nat\u00fcrlichen Look. Doch auch Fake Lashes aus k\u00fcnstlichen Fasern wie Acryl, Nylon oder Mikrofaser weisen einen seidigen Glanz und eine feine Struktur auf. Ihr gro\u00dfer Vorteil besteht darin, dass sie vegan sind, sehr gut formbar und leicht.<\/p>\n","protected":false},"excerpt":{"rendered":"<p>K\u00fcnstliche Wimpern \u2013 die fabelhafte Welt der Fake Lashes Sie wollen der Natur etwas nachhelfen? Wenn Ihre eigenen Wimpern nicht ganz so dicht wachsen, wie Sie sich das w\u00fcnschen, setzen &#8230;<\/p>\n","protected":false},"author":1,"featured_media":0,"parent":0,"menu_order":0,"comment_status":"closed","ping_status":"closed","template":"","meta":{"footnotes":""},"class_list":["post-20","page","type-page","status-publish","hentry"],"_links":{"self":[{"href":"https:\/\/www.ikt-edvprojekte.eu\/unger\/ikt22-25\/dragicevic.teodora\/wp\/wp-json\/wp\/v2\/pages\/20","targetHints":{"allow":["GET"]}}],"collection":[{"href":"https:\/\/www.ikt-edvprojekte.eu\/unger\/ikt22-25\/dragicevic.teodora\/wp\/wp-json\/wp\/v2\/pages"}],"about":[{"href":"https:\/\/www.ikt-edvprojekte.eu\/unger\/ikt22-25\/dragicevic.teodora\/wp\/wp-json\/wp\/v2\/types\/page"}],"author":[{"embeddable":true,"href":"https:\/\/www.ikt-edvprojekte.eu\/unger\/ikt22-25\/dragicevic.teodora\/wp\/wp-json\/wp\/v2\/users\/1"}],"replies":[{"embeddable":true,"href":"https:\/\/www.ikt-edvprojekte.eu\/unger\/ikt22-25\/dragicevic.teodora\/wp\/wp-json\/wp\/v2\/comments?post=20"}],"version-history":[{"count":1,"href":"https:\/\/www.ikt-edvprojekte.eu\/unger\/ikt22-25\/dragicevic.teodora\/wp\/wp-json\/wp\/v2\/pages\/20\/revisions"}],"predecessor-version":[{"id":21,"href":"https:\/\/www.ikt-edvprojekte.eu\/unger\/ikt22-25\/dragicevic.teodora\/wp\/wp-json\/wp\/v2\/pages\/20\/revisions\/21"}],"wp:attachment":[{"href":"https:\/\/www.ikt-edvprojekte.eu\/unger\/ikt22-25\/dragicevic.teodora\/wp\/wp-json\/wp\/v2\/media?parent=20"}],"curies":[{"name":"wp","href":"https:\/\/api.w.org\/{rel}","templated":true}]}}