{"id":189,"date":"2025-05-15T10:43:40","date_gmt":"2025-05-15T08:43:40","guid":{"rendered":"http:\/\/www.ikt-edvprojekte.eu\/buschka\/ikt4-2024-25\/lupu.eduard\/wordpress_eduard\/?page_id=189"},"modified":"2026-03-11T13:09:15","modified_gmt":"2026-03-11T12:09:15","slug":"ueber-uns","status":"publish","type":"page","link":"https:\/\/www.ikt-edvprojekte.eu\/buschka\/ikt4-2024-25\/lupu.eduard\/wordpress_eduard\/","title":{"rendered":"Home"},"content":{"rendered":"\t\t<div data-elementor-type=\"wp-page\" data-elementor-id=\"189\" class=\"elementor elementor-189\">\n\t\t\t\t<div class=\"elementor-element elementor-element-59d776a e-grid e-con-full e-con e-parent\" data-id=\"59d776a\" data-element_type=\"container\" data-e-type=\"container\">\n\t\t\t\t<div class=\"elementor-element elementor-element-3b2613a elementor-widget elementor-widget-image\" data-id=\"3b2613a\" data-element_type=\"widget\" data-e-type=\"widget\" data-widget_type=\"image.default\">\n\t\t\t\t<div class=\"elementor-widget-container\">\n\t\t\t\t\t\t\t\t\t\t\t\t\t\t\t<img decoding=\"async\" width=\"150\" height=\"100\" src=\"https:\/\/www.ikt-edvprojekte.eu\/buschka\/ikt4-2024-25\/lupu.eduard\/wordpress_eduard\/wp-content\/uploads\/2026\/03\/fox_150x100.png\" class=\"attachment-thumbnail size-thumbnail wp-image-737\" alt=\"\" \/>\t\t\t\t\t\t\t\t\t\t\t\t\t\t\t<\/div>\n\t\t\t\t<\/div>\n\t\t\t\t<div class=\"elementor-element elementor-element-4e71383 elementor-widget elementor-widget-heading\" data-id=\"4e71383\" data-element_type=\"widget\" data-e-type=\"widget\" data-widget_type=\"heading.default\">\n\t\t\t\t<div class=\"elementor-widget-container\">\n\t\t\t\t\t<h2 class=\"elementor-heading-title elementor-size-default\">Von der Werkstatt ins Web <br>Ihr Erfolg digital sichtbar<\/h2>\t\t\t\t<\/div>\n\t\t\t\t<\/div>\n\t\t\t\t<div class=\"elementor-element elementor-element-9bc077e elementor-widget elementor-widget-text-editor\" data-id=\"9bc077e\" data-element_type=\"widget\" data-e-type=\"widget\" data-widget_type=\"text-editor.default\">\n\t\t\t\t<div class=\"elementor-widget-container\">\n\t\t\t\t\t\t\t\t\t<p>Wir gestalten moderne Webseiten und digitale L\u00f6sungen, die Handwerksbetriebe und Unternehmen optimal im Internet pr\u00e4sentieren. Klar, benutzerfreundlich und immer mit dem Ziel, Kunden zu gewinnen.<\/p>\t\t\t\t\t\t\t\t<\/div>\n\t\t\t\t<\/div>\n\t\t\t\t<\/div>\n\t\t<div class=\"elementor-element elementor-element-1343b43 e-grid e-con-full e-con e-parent\" data-id=\"1343b43\" data-element_type=\"container\" data-e-type=\"container\">\n\t\t\t\t<div class=\"elementor-element elementor-element-7fa8706 elementor-widget elementor-widget-image\" data-id=\"7fa8706\" data-element_type=\"widget\" data-e-type=\"widget\" data-widget_type=\"image.default\">\n\t\t\t\t<div class=\"elementor-widget-container\">\n\t\t\t\t\t\t\t\t\t\t\t\t\t\t\t<img fetchpriority=\"high\" decoding=\"async\" width=\"700\" height=\"600\" src=\"https:\/\/www.ikt-edvprojekte.eu\/buschka\/ikt4-2024-25\/lupu.eduard\/wordpress_eduard\/wp-content\/uploads\/2026\/03\/IMG_0972_700x600.jpg\" class=\"attachment-medium_large size-medium_large wp-image-808\" alt=\"\" srcset=\"https:\/\/www.ikt-edvprojekte.eu\/buschka\/ikt4-2024-25\/lupu.eduard\/wordpress_eduard\/wp-content\/uploads\/2026\/03\/IMG_0972_700x600.jpg 700w, https:\/\/www.ikt-edvprojekte.eu\/buschka\/ikt4-2024-25\/lupu.eduard\/wordpress_eduard\/wp-content\/uploads\/2026\/03\/IMG_0972_700x600-300x257.jpg 300w, https:\/\/www.ikt-edvprojekte.eu\/buschka\/ikt4-2024-25\/lupu.eduard\/wordpress_eduard\/wp-content\/uploads\/2026\/03\/IMG_0972_700x600-600x514.jpg 600w\" sizes=\"(max-width: 700px) 100vw, 700px\" \/>\t\t\t\t\t\t\t\t\t\t\t\t\t\t\t<\/div>\n\t\t\t\t<\/div>\n\t\t\t\t<\/div>\n\t\t<div class=\"elementor-element elementor-element-ac3ed51 e-flex e-con-boxed e-con e-parent\" data-id=\"ac3ed51\" data-element_type=\"container\" data-e-type=\"container\">\n\t\t\t\t\t<div class=\"e-con-inner\">\n\t\t\t\t<div class=\"elementor-element elementor-element-c36333d elementor-widget elementor-widget-text-editor\" data-id=\"c36333d\" data-element_type=\"widget\" data-e-type=\"widget\" data-widget_type=\"text-editor.default\">\n\t\t\t\t<div class=\"elementor-widget-container\">\n\t\t\t\t\t\t\t\t\t<p>Unsere Arbeit steht f\u00fcr moderne, praxisnahe und individuelle Webl\u00f6sungen. In jedem Bild sehen Sie, wie wir Kreativit\u00e4t, Technik und Teamgeist verbinden \u2013 damit Handwerksbetriebe und kleine Unternehmen sicher und erfolgreich in die digitale Zukunft starten<\/p>\t\t\t\t\t\t\t\t<\/div>\n\t\t\t\t<\/div>\n\t\t\t\t\t<\/div>\n\t\t\t\t<\/div>\n\t\t<div class=\"elementor-element elementor-element-21423f9 e-flex e-con-boxed e-con e-parent\" data-id=\"21423f9\" data-element_type=\"container\" data-e-type=\"container\">\n\t\t\t\t\t<div class=\"e-con-inner\">\n\t\t\t\t<div class=\"elementor-element elementor-element-aebd33c elementor-widget-divider--view-line elementor-widget elementor-widget-divider\" data-id=\"aebd33c\" data-element_type=\"widget\" data-e-type=\"widget\" data-widget_type=\"divider.default\">\n\t\t\t\t<div class=\"elementor-widget-container\">\n\t\t\t\t\t\t\t<div class=\"elementor-divider\">\n\t\t\t<span class=\"elementor-divider-separator\">\n\t\t\t\t\t\t<\/span>\n\t\t<\/div>\n\t\t\t\t\t\t<\/div>\n\t\t\t\t<\/div>\n\t\t<div class=\"elementor-element elementor-element-254f04e e-grid e-con-boxed e-con e-child\" data-id=\"254f04e\" data-element_type=\"container\" data-e-type=\"container\">\n\t\t\t\t\t<div class=\"e-con-inner\">\n\t\t\t\t<div class=\"elementor-element elementor-element-d4b1ff2 elementor-widget elementor-widget-image\" data-id=\"d4b1ff2\" data-element_type=\"widget\" data-e-type=\"widget\" data-widget_type=\"image.default\">\n\t\t\t\t<div class=\"elementor-widget-container\">\n\t\t\t\t\t\t\t\t\t\t\t\t\t\t\t<img decoding=\"async\" width=\"768\" height=\"576\" src=\"https:\/\/www.ikt-edvprojekte.eu\/buschka\/ikt4-2024-25\/lupu.eduard\/wordpress_eduard\/wp-content\/uploads\/2026\/02\/craft2click_1200x900_3-768x576.png\" class=\"attachment-medium_large size-medium_large wp-image-603\" alt=\"\" srcset=\"https:\/\/www.ikt-edvprojekte.eu\/buschka\/ikt4-2024-25\/lupu.eduard\/wordpress_eduard\/wp-content\/uploads\/2026\/02\/craft2click_1200x900_3-768x576.png 768w, https:\/\/www.ikt-edvprojekte.eu\/buschka\/ikt4-2024-25\/lupu.eduard\/wordpress_eduard\/wp-content\/uploads\/2026\/02\/craft2click_1200x900_3-300x225.png 300w, https:\/\/www.ikt-edvprojekte.eu\/buschka\/ikt4-2024-25\/lupu.eduard\/wordpress_eduard\/wp-content\/uploads\/2026\/02\/craft2click_1200x900_3-1024x768.png 1024w, https:\/\/www.ikt-edvprojekte.eu\/buschka\/ikt4-2024-25\/lupu.eduard\/wordpress_eduard\/wp-content\/uploads\/2026\/02\/craft2click_1200x900_3-600x450.png 600w, https:\/\/www.ikt-edvprojekte.eu\/buschka\/ikt4-2024-25\/lupu.eduard\/wordpress_eduard\/wp-content\/uploads\/2026\/02\/craft2click_1200x900_3.png 1200w\" sizes=\"(max-width: 768px) 100vw, 768px\" \/>\t\t\t\t\t\t\t\t\t\t\t\t\t\t\t<\/div>\n\t\t\t\t<\/div>\n\t\t\t\t<div class=\"elementor-element elementor-element-dc367d9 elementor-widget elementor-widget-image\" data-id=\"dc367d9\" data-element_type=\"widget\" data-e-type=\"widget\" data-widget_type=\"image.default\">\n\t\t\t\t<div class=\"elementor-widget-container\">\n\t\t\t\t\t\t\t\t\t\t\t\t\t\t\t<img loading=\"lazy\" decoding=\"async\" width=\"768\" height=\"576\" src=\"https:\/\/www.ikt-edvprojekte.eu\/buschka\/ikt4-2024-25\/lupu.eduard\/wordpress_eduard\/wp-content\/uploads\/2026\/02\/craft2click_1200x900_4.png\" class=\"attachment-medium_large size-medium_large wp-image-605\" alt=\"\" srcset=\"https:\/\/www.ikt-edvprojekte.eu\/buschka\/ikt4-2024-25\/lupu.eduard\/wordpress_eduard\/wp-content\/uploads\/2026\/02\/craft2click_1200x900_4.png 1200w, https:\/\/www.ikt-edvprojekte.eu\/buschka\/ikt4-2024-25\/lupu.eduard\/wordpress_eduard\/wp-content\/uploads\/2026\/02\/craft2click_1200x900_4-300x225.png 300w, https:\/\/www.ikt-edvprojekte.eu\/buschka\/ikt4-2024-25\/lupu.eduard\/wordpress_eduard\/wp-content\/uploads\/2026\/02\/craft2click_1200x900_4-1024x768.png 1024w\" sizes=\"(max-width: 768px) 100vw, 768px\" \/>\t\t\t\t\t\t\t\t\t\t\t\t\t\t\t<\/div>\n\t\t\t\t<\/div>\n\t\t\t\t<div class=\"elementor-element elementor-element-26012e5 elementor-widget elementor-widget-image\" data-id=\"26012e5\" data-element_type=\"widget\" data-e-type=\"widget\" data-widget_type=\"image.default\">\n\t\t\t\t<div class=\"elementor-widget-container\">\n\t\t\t\t\t\t\t\t\t\t\t\t\t\t\t<img loading=\"lazy\" decoding=\"async\" width=\"768\" height=\"576\" src=\"https:\/\/www.ikt-edvprojekte.eu\/buschka\/ikt4-2024-25\/lupu.eduard\/wordpress_eduard\/wp-content\/uploads\/2026\/02\/craft2click_1200x900_2.png\" class=\"attachment-medium_large size-medium_large wp-image-606\" alt=\"\" srcset=\"https:\/\/www.ikt-edvprojekte.eu\/buschka\/ikt4-2024-25\/lupu.eduard\/wordpress_eduard\/wp-content\/uploads\/2026\/02\/craft2click_1200x900_2.png 1200w, https:\/\/www.ikt-edvprojekte.eu\/buschka\/ikt4-2024-25\/lupu.eduard\/wordpress_eduard\/wp-content\/uploads\/2026\/02\/craft2click_1200x900_2-300x225.png 300w, https:\/\/www.ikt-edvprojekte.eu\/buschka\/ikt4-2024-25\/lupu.eduard\/wordpress_eduard\/wp-content\/uploads\/2026\/02\/craft2click_1200x900_2-1024x768.png 1024w\" sizes=\"(max-width: 768px) 100vw, 768px\" \/>\t\t\t\t\t\t\t\t\t\t\t\t\t\t\t<\/div>\n\t\t\t\t<\/div>\n\t\t\t\t<div class=\"elementor-element elementor-element-4cbe855 elementor-widget elementor-widget-image\" data-id=\"4cbe855\" data-element_type=\"widget\" data-e-type=\"widget\" data-widget_type=\"image.default\">\n\t\t\t\t<div class=\"elementor-widget-container\">\n\t\t\t\t\t\t\t\t\t\t\t\t\t\t\t<img loading=\"lazy\" decoding=\"async\" width=\"768\" height=\"576\" src=\"https:\/\/www.ikt-edvprojekte.eu\/buschka\/ikt4-2024-25\/lupu.eduard\/wordpress_eduard\/wp-content\/uploads\/2026\/03\/installateur_1200x900_v2-768x576.png\" class=\"attachment-medium_large size-medium_large wp-image-735\" alt=\"\" srcset=\"https:\/\/www.ikt-edvprojekte.eu\/buschka\/ikt4-2024-25\/lupu.eduard\/wordpress_eduard\/wp-content\/uploads\/2026\/03\/installateur_1200x900_v2-768x576.png 768w, https:\/\/www.ikt-edvprojekte.eu\/buschka\/ikt4-2024-25\/lupu.eduard\/wordpress_eduard\/wp-content\/uploads\/2026\/03\/installateur_1200x900_v2-300x225.png 300w, https:\/\/www.ikt-edvprojekte.eu\/buschka\/ikt4-2024-25\/lupu.eduard\/wordpress_eduard\/wp-content\/uploads\/2026\/03\/installateur_1200x900_v2-1024x768.png 1024w, https:\/\/www.ikt-edvprojekte.eu\/buschka\/ikt4-2024-25\/lupu.eduard\/wordpress_eduard\/wp-content\/uploads\/2026\/03\/installateur_1200x900_v2-600x450.png 600w, https:\/\/www.ikt-edvprojekte.eu\/buschka\/ikt4-2024-25\/lupu.eduard\/wordpress_eduard\/wp-content\/uploads\/2026\/03\/installateur_1200x900_v2.png 1200w\" sizes=\"(max-width: 768px) 100vw, 768px\" \/>\t\t\t\t\t\t\t\t\t\t\t\t\t\t\t<\/div>\n\t\t\t\t<\/div>\n\t\t\t\t\t<\/div>\n\t\t\t\t<\/div>\n\t\t\t\t\t<\/div>\n\t\t\t\t<\/div>\n\t\t\t\t<\/div>\n\t\t","protected":false},"excerpt":{"rendered":"<p>Von der Werkstatt ins Web Ihr Erfolg digital sichtbar Wir gestalten moderne Webseiten und digitale L\u00f6sungen, die Handwerksbetriebe und Unternehmen optimal im Internet pr\u00e4sentieren. Klar, benutzerfreundlich und immer mit dem Ziel, Kunden zu gewinnen. Unsere Arbeit steht f\u00fcr moderne, praxisnahe und individuelle Webl\u00f6sungen. In jedem Bild sehen Sie, wie wir Kreativit\u00e4t, Technik und Teamgeist verbinden [&hellip;]<\/p>\n","protected":false},"author":1,"featured_media":0,"parent":0,"menu_order":0,"comment_status":"closed","ping_status":"closed","template":"","meta":{"footnotes":""},"class_list":["post-189","page","type-page","status-publish","hentry"],"jetpack_sharing_enabled":true,"_links":{"self":[{"href":"https:\/\/www.ikt-edvprojekte.eu\/buschka\/ikt4-2024-25\/lupu.eduard\/wordpress_eduard\/wp-json\/wp\/v2\/pages\/189","targetHints":{"allow":["GET"]}}],"collection":[{"href":"https:\/\/www.ikt-edvprojekte.eu\/buschka\/ikt4-2024-25\/lupu.eduard\/wordpress_eduard\/wp-json\/wp\/v2\/pages"}],"about":[{"href":"https:\/\/www.ikt-edvprojekte.eu\/buschka\/ikt4-2024-25\/lupu.eduard\/wordpress_eduard\/wp-json\/wp\/v2\/types\/page"}],"author":[{"embeddable":true,"href":"https:\/\/www.ikt-edvprojekte.eu\/buschka\/ikt4-2024-25\/lupu.eduard\/wordpress_eduard\/wp-json\/wp\/v2\/users\/1"}],"replies":[{"embeddable":true,"href":"https:\/\/www.ikt-edvprojekte.eu\/buschka\/ikt4-2024-25\/lupu.eduard\/wordpress_eduard\/wp-json\/wp\/v2\/comments?post=189"}],"version-history":[{"count":64,"href":"https:\/\/www.ikt-edvprojekte.eu\/buschka\/ikt4-2024-25\/lupu.eduard\/wordpress_eduard\/wp-json\/wp\/v2\/pages\/189\/revisions"}],"predecessor-version":[{"id":811,"href":"https:\/\/www.ikt-edvprojekte.eu\/buschka\/ikt4-2024-25\/lupu.eduard\/wordpress_eduard\/wp-json\/wp\/v2\/pages\/189\/revisions\/811"}],"wp:attachment":[{"href":"https:\/\/www.ikt-edvprojekte.eu\/buschka\/ikt4-2024-25\/lupu.eduard\/wordpress_eduard\/wp-json\/wp\/v2\/media?parent=189"}],"curies":[{"name":"wp","href":"https:\/\/api.w.org\/{rel}","templated":true}]}}