{"id":221,"date":"2026-01-27T21:35:33","date_gmt":"2026-01-27T20:35:33","guid":{"rendered":"https:\/\/www.ikt-edvprojekte.eu\/buschka\/ikt4-2024-25\/khalifa.alena\/wp-safe\/?post_type=product&#038;p=221"},"modified":"2026-03-11T13:21:37","modified_gmt":"2026-03-11T12:21:37","slug":"ohrringe-timeless-steel","status":"publish","type":"product","link":"https:\/\/www.ikt-edvprojekte.eu\/buschka\/ikt4-2024-25\/khalifa.alena\/wp-safe\/product\/ohrringe-timeless-steel\/","title":{"rendered":"Ohrringe &#8211; Timeless Steel"},"content":{"rendered":"<p>Die Ohrringe bestehen aus Edelstahl und sind leicht zu tragen. Sie liegen angenehm am Ohr und eignen sich gut f\u00fcr den Alltag, aber auch f\u00fcr schlichte, elegante Looks. Sie sind eine gute Wahl f\u00fcr alle, die dezenten Schmuck bevorzugen.<\/p>\n","protected":false},"excerpt":{"rendered":"<ul>\n<li data-start=\"86\" data-end=\"127\">Schlichte Ohrringe aus Edelstahl<\/li>\n<li data-start=\"86\" data-end=\"127\">Wasserfest<\/li>\n<li data-start=\"86\" data-end=\"127\">bequem zu tragen und ideal f\u00fcr jeden Tag<\/li>\n<\/ul>\n","protected":false},"featured_media":222,"comment_status":"open","ping_status":"closed","template":"","meta":[],"product_brand":[],"product_cat":[28],"product_tag":[],"class_list":{"0":"post-221","1":"product","2":"type-product","3":"status-publish","4":"has-post-thumbnail","6":"product_cat-ohrringe-maenner","8":"first","9":"instock","10":"shipping-taxable","11":"purchasable","12":"product-type-simple"},"_links":{"self":[{"href":"https:\/\/www.ikt-edvprojekte.eu\/buschka\/ikt4-2024-25\/khalifa.alena\/wp-safe\/wp-json\/wp\/v2\/product\/221","targetHints":{"allow":["GET"]}}],"collection":[{"href":"https:\/\/www.ikt-edvprojekte.eu\/buschka\/ikt4-2024-25\/khalifa.alena\/wp-safe\/wp-json\/wp\/v2\/product"}],"about":[{"href":"https:\/\/www.ikt-edvprojekte.eu\/buschka\/ikt4-2024-25\/khalifa.alena\/wp-safe\/wp-json\/wp\/v2\/types\/product"}],"replies":[{"embeddable":true,"href":"https:\/\/www.ikt-edvprojekte.eu\/buschka\/ikt4-2024-25\/khalifa.alena\/wp-safe\/wp-json\/wp\/v2\/comments?post=221"}],"wp:featuredmedia":[{"embeddable":true,"href":"https:\/\/www.ikt-edvprojekte.eu\/buschka\/ikt4-2024-25\/khalifa.alena\/wp-safe\/wp-json\/wp\/v2\/media\/222"}],"wp:attachment":[{"href":"https:\/\/www.ikt-edvprojekte.eu\/buschka\/ikt4-2024-25\/khalifa.alena\/wp-safe\/wp-json\/wp\/v2\/media?parent=221"}],"wp:term":[{"taxonomy":"product_brand","embeddable":true,"href":"https:\/\/www.ikt-edvprojekte.eu\/buschka\/ikt4-2024-25\/khalifa.alena\/wp-safe\/wp-json\/wp\/v2\/product_brand?post=221"},{"taxonomy":"product_cat","embeddable":true,"href":"https:\/\/www.ikt-edvprojekte.eu\/buschka\/ikt4-2024-25\/khalifa.alena\/wp-safe\/wp-json\/wp\/v2\/product_cat?post=221"},{"taxonomy":"product_tag","embeddable":true,"href":"https:\/\/www.ikt-edvprojekte.eu\/buschka\/ikt4-2024-25\/khalifa.alena\/wp-safe\/wp-json\/wp\/v2\/product_tag?post=221"}],"curies":[{"name":"wp","href":"https:\/\/api.w.org\/{rel}","templated":true}]}}