{"id":29,"date":"2026-02-02T20:22:16","date_gmt":"2026-02-02T19:22:16","guid":{"rendered":"https:\/\/www.ikt-edvprojekte.eu\/buschka\/ikt4-2024-25\/aschauer.stephanie\/wordpress\/?page_id=29"},"modified":"2026-02-26T10:55:48","modified_gmt":"2026-02-26T09:55:48","slug":"startseite","status":"publish","type":"page","link":"https:\/\/www.ikt-edvprojekte.eu\/buschka\/ikt4-2024-25\/aschauer.stephanie\/wordpress\/","title":{"rendered":"Startseite"},"content":{"rendered":"\n<div class=\"wp-block-cover is-light\"><img loading=\"lazy\" decoding=\"async\" width=\"1024\" height=\"683\" class=\"wp-block-cover__image-background wp-image-277 size-large\" alt=\"\" src=\"https:\/\/www.ikt-edvprojekte.eu\/buschka\/ikt4-2024-25\/aschauer.stephanie\/wordpress\/wp-content\/uploads\/2026\/02\/Startseite-Foto-1-Block-1024x683.png\" data-object-fit=\"cover\" srcset=\"https:\/\/www.ikt-edvprojekte.eu\/buschka\/ikt4-2024-25\/aschauer.stephanie\/wordpress\/wp-content\/uploads\/2026\/02\/Startseite-Foto-1-Block-1024x683.png 1024w, https:\/\/www.ikt-edvprojekte.eu\/buschka\/ikt4-2024-25\/aschauer.stephanie\/wordpress\/wp-content\/uploads\/2026\/02\/Startseite-Foto-1-Block-300x200.png 300w, https:\/\/www.ikt-edvprojekte.eu\/buschka\/ikt4-2024-25\/aschauer.stephanie\/wordpress\/wp-content\/uploads\/2026\/02\/Startseite-Foto-1-Block-768x512.png 768w, https:\/\/www.ikt-edvprojekte.eu\/buschka\/ikt4-2024-25\/aschauer.stephanie\/wordpress\/wp-content\/uploads\/2026\/02\/Startseite-Foto-1-Block-600x400.png 600w, https:\/\/www.ikt-edvprojekte.eu\/buschka\/ikt4-2024-25\/aschauer.stephanie\/wordpress\/wp-content\/uploads\/2026\/02\/Startseite-Foto-1-Block.png 1536w\" sizes=\"auto, (max-width: 1024px) 100vw, 1024px\" \/><span aria-hidden=\"true\" class=\"wp-block-cover__background has-background-dim\" style=\"background-color:#8c8b89\"><\/span><div class=\"wp-block-cover__inner-container is-layout-constrained wp-block-cover-is-layout-constrained\">\n<h2 class=\"wp-block-heading has-ast-global-color-4-color has-text-color has-link-color wp-elements-df4047b226e650b38b7a03c1a08d7c80\">StartupBoost \u00d6sterreich<\/h2>\n\n\n\n<p class=\"has-ast-global-color-4-color has-text-color has-link-color wp-elements-d54856ec5360574db07e2523761a3fec\">F\u00f6rderberatung &amp; Digital Branding f\u00fcr Startups<\/p>\n\n\n\n<div class=\"wp-block-buttons is-layout-flex wp-block-buttons-is-layout-flex\">\n<div class=\"wp-block-button\"><a class=\"wp-block-button__link wp-element-button\" href=\"https:\/\/www.ikt-edvprojekte.eu\/buschka\/ikt4-2024-25\/aschauer.stephanie\/wordpress\/kostenlose-erstberatung-fuer-startups\">Kostenlose Erstberatung<\/a><\/div>\n<\/div>\n<\/div><\/div>\n\n\n\n<div class=\"wp-block-columns is-layout-flex wp-container-core-columns-is-layout-40e7827c wp-block-columns-is-layout-flex\" style=\"padding-top:var(--wp--preset--spacing--20);padding-right:var(--wp--preset--spacing--20);padding-bottom:var(--wp--preset--spacing--20);padding-left:var(--wp--preset--spacing--20)\">\n<div class=\"wp-block-column has-ast-global-color-5-background-color has-background has-small-font-size is-layout-flow wp-container-core-column-is-layout-834a243e wp-block-column-is-layout-flow\" style=\"border-width:5px;border-top-left-radius:15px;border-top-right-radius:15px;border-bottom-left-radius:15px;border-bottom-right-radius:15px;padding-top:var(--wp--preset--spacing--40);padding-right:var(--wp--preset--spacing--40);padding-bottom:var(--wp--preset--spacing--40);padding-left:var(--wp--preset--spacing--40)\">      \n\t\t\t<div class=\"uagb-icon-wrapper uagb-block-4c45bec2      \"\n\t\t\tstyle=\"\" >\n\t\t\t\t\t\t\t\t\t<span class=\"uagb-svg-wrapper\" \n\t\t\t\t\t aria-label=\"coins\"\t\t\t\t\ttabindex=\"0\">\t\t\n\t\t\t\t\t\t\t\t\t\t<svg xmlns=\"https:\/\/www.w3.org\/2000\/svg\" viewBox= \"0 0 512 512\" role=\"img\" aria-hidden=\"false\" aria-label=\"\"><path d=\"M512 80C512 98.01 497.7 114.6 473.6 128C444.5 144.1 401.2 155.5 351.3 158.9C347.7 157.2 343.9 155.5 340.1 153.9C300.6 137.4 248.2 128 192 128C183.7 128 175.6 128.2 167.5 128.6L166.4 128C142.3 114.6 128 98.01 128 80C128 35.82 213.1 0 320 0C426 0 512 35.82 512 80V80zM160.7 161.1C170.9 160.4 181.3 160 192 160C254.2 160 309.4 172.3 344.5 191.4C369.3 204.9 384 221.7 384 240C384 243.1 383.3 247.9 381.9 251.7C377.3 264.9 364.1 277 346.9 287.3C346.9 287.3 346.9 287.3 346.9 287.3C346.8 287.3 346.6 287.4 346.5 287.5L346.5 287.5C346.2 287.7 345.9 287.8 345.6 288C310.6 307.4 254.8 320 192 320C132.4 320 79.06 308.7 43.84 290.9C41.97 289.9 40.15 288.1 38.39 288C14.28 274.6 0 258 0 240C0 205.2 53.43 175.5 128 164.6C138.5 163 149.4 161.8 160.7 161.1L160.7 161.1zM391.9 186.6C420.2 182.2 446.1 175.2 468.1 166.1C484.4 159.3 499.5 150.9 512 140.6V176C512 195.3 495.5 213.1 468.2 226.9C453.5 234.3 435.8 240.5 415.8 245.3C415.9 243.6 416 241.8 416 240C416 218.1 405.4 200.1 391.9 186.6V186.6zM384 336C384 354 369.7 370.6 345.6 384C343.8 384.1 342 385.9 340.2 386.9C304.9 404.7 251.6 416 192 416C129.2 416 73.42 403.4 38.39 384C14.28 370.6 .0003 354 .0003 336V300.6C12.45 310.9 27.62 319.3 43.93 326.1C83.44 342.6 135.8 352 192 352C248.2 352 300.6 342.6 340.1 326.1C347.9 322.9 355.4 319.2 362.5 315.2C368.6 311.8 374.3 308 379.7 304C381.2 302.9 382.6 301.7 384 300.6L384 336zM416 278.1C434.1 273.1 452.5 268.6 468.1 262.1C484.4 255.3 499.5 246.9 512 236.6V272C512 282.5 507 293 497.1 302.9C480.8 319.2 452.1 332.6 415.8 341.3C415.9 339.6 416 337.8 416 336V278.1zM192 448C248.2 448 300.6 438.6 340.1 422.1C356.4 415.3 371.5 406.9 384 396.6V432C384 476.2 298 512 192 512C85.96 512 .0003 476.2 .0003 432V396.6C12.45 406.9 27.62 415.3 43.93 422.1C83.44 438.6 135.8 448 192 448z\"><\/path><\/svg>\n\t\t\t\t\t\t\t\t\t<\/span>\n\t\t\t\t\t\t\t<\/div>\n\t\t\t\n\n\n<h2 class=\"wp-block-heading\">F\u00f6rderberatung<\/h2>\n\n\n\n<p style=\"padding-top:var(--wp--preset--spacing--30);padding-right:var(--wp--preset--spacing--40);padding-bottom:var(--wp--preset--spacing--30);padding-left:var(--wp--preset--spacing--40);font-size:15px\">Wir unterst\u00fctzen Startups dabei, passende F\u00f6rderprogramme und Zusch\u00fcsse zu finden.<\/p>\n<\/div>\n\n\n\n<div class=\"wp-block-column has-ast-global-color-5-background-color has-background is-layout-flow wp-container-core-column-is-layout-ecf6b94c wp-block-column-is-layout-flow\" style=\"border-width:5px;border-top-left-radius:15px;border-top-right-radius:15px;border-bottom-left-radius:15px;border-bottom-right-radius:15px;padding-top:var(--wp--preset--spacing--30);padding-right:var(--wp--preset--spacing--40);padding-bottom:var(--wp--preset--spacing--30);padding-left:var(--wp--preset--spacing--40)\">      \n\t\t\t<div class=\"uagb-icon-wrapper uagb-block-a3df0d9e      \"\n\t\t\tstyle=\"\" >\n\t\t\t\t\t\t\t\t\t<span class=\"uagb-svg-wrapper\" \n\t\t\t\t\t aria-label=\"clipboard-list\"\t\t\t\t\ttabindex=\"0\">\t\t\n\t\t\t\t\t\t\t\t\t\t<svg xmlns=\"https:\/\/www.w3.org\/2000\/svg\" viewBox= \"0 0 384 512\" role=\"graphics-symbol\" aria-hidden=\"false\" aria-label=\"\"><path d=\"M336 64h-53.88C268.9 26.8 233.7 0 192 0S115.1 26.8 101.9 64H48C21.5 64 0 85.48 0 112v352C0 490.5 21.5 512 48 512h288c26.5 0 48-21.48 48-48v-352C384 85.48 362.5 64 336 64zM96 392c-13.25 0-24-10.75-24-24S82.75 344 96 344s24 10.75 24 24S109.3 392 96 392zM96 296c-13.25 0-24-10.75-24-24S82.75 248 96 248S120 258.8 120 272S109.3 296 96 296zM192 64c17.67 0 32 14.33 32 32c0 17.67-14.33 32-32 32S160 113.7 160 96C160 78.33 174.3 64 192 64zM304 384h-128C167.2 384 160 376.8 160 368C160 359.2 167.2 352 176 352h128c8.801 0 16 7.199 16 16C320 376.8 312.8 384 304 384zM304 288h-128C167.2 288 160 280.8 160 272C160 263.2 167.2 256 176 256h128C312.8 256 320 263.2 320 272C320 280.8 312.8 288 304 288z\"><\/path><\/svg>\n\t\t\t\t\t\t\t\t\t<\/span>\n\t\t\t\t\t\t\t<\/div>\n\t\t\t\n\n\n<h2 class=\"wp-block-heading\">Businessplan<\/h2>\n\n\n\n<p style=\"padding-top:var(--wp--preset--spacing--30);padding-right:var(--wp--preset--spacing--40);padding-bottom:var(--wp--preset--spacing--30);padding-left:var(--wp--preset--spacing--40)\">Wir erstellen professionelle Business- und Finanzpl\u00e4ne f\u00fcr Startups und Investoren.<\/p>\n<\/div>\n\n\n\n<div class=\"wp-block-column has-ast-global-color-5-background-color has-background is-layout-flow wp-container-core-column-is-layout-5ee245bb wp-block-column-is-layout-flow\" style=\"border-width:5px;border-top-left-radius:15px;border-top-right-radius:15px;border-bottom-left-radius:15px;border-bottom-right-radius:15px;padding-top:var(--wp--preset--spacing--30);padding-right:var(--wp--preset--spacing--40);padding-bottom:var(--wp--preset--spacing--30);padding-left:var(--wp--preset--spacing--40)\">      \n\t\t\t<div class=\"uagb-icon-wrapper uagb-block-3bf14363      \"\n\t\t\tstyle=\"\" >\n\t\t\t\t\t\t\t\t\t<span class=\"uagb-svg-wrapper\" \n\t\t\t\t\t aria-label=\"laptop\"\t\t\t\t\ttabindex=\"0\">\t\t\n\t\t\t\t\t\t\t\t\t\t<svg xmlns=\"https:\/\/www.w3.org\/2000\/svg\" viewBox= \"0 0 640 512\" role=\"graphics-symbol\" aria-hidden=\"false\" aria-label=\"\"><path d=\"M128 96h384v256h64v-272c0-26.38-21.62-48-48-48h-416c-26.38 0-48 21.62-48 48V352h64V96zM624 383.1h-608c-8.75 0-16 7.25-16 16v16c0 35.25 28.75 64 64 64h512c35.25 0 64-28.75 64-64v-16C640 391.2 632.8 383.1 624 383.1z\"><\/path><\/svg>\n\t\t\t\t\t\t\t\t\t<\/span>\n\t\t\t\t\t\t\t<\/div>\n\t\t\t\n\n\n<h2 class=\"wp-block-heading\">Digital Branding<\/h2>\n\n\n\n<p style=\"padding-top:var(--wp--preset--spacing--30);padding-right:var(--wp--preset--spacing--40);padding-bottom:var(--wp--preset--spacing--30);padding-left:var(--wp--preset--spacing--40)\">Wir entwickeln moderne Websites und digitale Markenauftritte f\u00fcr junge Unternehmen.<\/p>\n<\/div>\n<\/div>\n\n\n\n<p>Hinweis: Diese Website stellt eine fiktive Agentur dar und wurde im Rahmen eines Schulprojekts zu Ausbildungszwecken erstellt.<\/p>\n\n\n\n<p><\/p>\n","protected":false},"excerpt":{"rendered":"<p>F\u00f6rderberatung Wir unterst\u00fctzen Startups dabei, passende F\u00f6rderprogramme und Zusch\u00fcsse zu finden. Businessplan Wir erstellen professionelle Business- und Finanzpl\u00e4ne f\u00fcr Startups [&hellip;]<\/p>\n","protected":false},"author":1,"featured_media":0,"parent":0,"menu_order":0,"comment_status":"closed","ping_status":"closed","template":"","meta":{"_uag_custom_page_level_css":"","site-sidebar-layout":"default","site-content-layout":"","ast-site-content-layout":"default","site-content-style":"default","site-sidebar-style":"default","ast-global-header-display":"","ast-banner-title-visibility":"","ast-main-header-display":"","ast-hfb-above-header-display":"","ast-hfb-below-header-display":"","ast-hfb-mobile-header-display":"","site-post-title":"","ast-breadcrumbs-content":"","ast-featured-img":"","footer-sml-layout":"","ast-disable-related-posts":"","theme-transparent-header-meta":"","adv-header-id-meta":"","stick-header-meta":"","header-above-stick-meta":"","header-main-stick-meta":"","header-below-stick-meta":"","astra-migrate-meta-layouts":"default","ast-page-background-enabled":"default","ast-page-background-meta":{"desktop":{"background-color":"var(--ast-global-color-5)","background-image":"","background-repeat":"repeat","background-position":"center center","background-size":"auto","background-attachment":"scroll","background-type":"","background-media":"","overlay-type":"","overlay-color":"","overlay-opacity":"","overlay-gradient":""},"tablet":{"background-color":"","background-image":"","background-repeat":"repeat","background-position":"center center","background-size":"auto","background-attachment":"scroll","background-type":"","background-media":"","overlay-type":"","overlay-color":"","overlay-opacity":"","overlay-gradient":""},"mobile":{"background-color":"","background-image":"","background-repeat":"repeat","background-position":"center center","background-size":"auto","background-attachment":"scroll","background-type":"","background-media":"","overlay-type":"","overlay-color":"","overlay-opacity":"","overlay-gradient":""}},"ast-content-background-meta":{"desktop":{"background-color":"var(--ast-global-color-4)","background-image":"","background-repeat":"repeat","background-position":"center center","background-size":"auto","background-attachment":"scroll","background-type":"","background-media":"","overlay-type":"","overlay-color":"","overlay-opacity":"","overlay-gradient":""},"tablet":{"background-color":"var(--ast-global-color-4)","background-image":"","background-repeat":"repeat","background-position":"center center","background-size":"auto","background-attachment":"scroll","background-type":"","background-media":"","overlay-type":"","overlay-color":"","overlay-opacity":"","overlay-gradient":""},"mobile":{"background-color":"var(--ast-global-color-4)","background-image":"","background-repeat":"repeat","background-position":"center center","background-size":"auto","background-attachment":"scroll","background-type":"","background-media":"","overlay-type":"","overlay-color":"","overlay-opacity":"","overlay-gradient":""}},"footnotes":""},"class_list":["post-29","page","type-page","status-publish","hentry"],"yoast_head":"<!-- This site is optimized with the Yoast SEO plugin v26.9 - https:\/\/yoast.com\/product\/yoast-seo-wordpress\/ -->\n<title>Startseite - StartupBoost GmbH<\/title>\n<meta name=\"robots\" content=\"noindex, follow, max-snippet:-1, max-image-preview:large, max-video-preview:-1\" \/>\n<meta property=\"og:locale\" content=\"de_DE\" \/>\n<meta property=\"og:type\" content=\"article\" \/>\n<meta property=\"og:title\" content=\"Startseite - StartupBoost GmbH\" \/>\n<meta property=\"og:description\" content=\"F\u00f6rderberatung Wir unterst\u00fctzen Startups dabei, passende F\u00f6rderprogramme und Zusch\u00fcsse zu finden. Businessplan Wir erstellen professionelle Business- und Finanzpl\u00e4ne f\u00fcr Startups [&hellip;]\" \/>\n<meta property=\"og:url\" content=\"https:\/\/www.ikt-edvprojekte.eu\/buschka\/ikt4-2024-25\/aschauer.stephanie\/wordpress\/\" \/>\n<meta property=\"og:site_name\" content=\"StartupBoost GmbH\" \/>\n<meta property=\"article:modified_time\" content=\"2026-02-26T09:55:48+00:00\" \/>\n<meta property=\"og:image\" content=\"https:\/\/www.ikt-edvprojekte.eu\/buschka\/ikt4-2024-25\/aschauer.stephanie\/wordpress\/wp-content\/uploads\/2026\/02\/Startseite-Foto-1-Block.png\" \/>\n\t<meta property=\"og:image:width\" content=\"1536\" \/>\n\t<meta property=\"og:image:height\" content=\"1024\" \/>\n\t<meta property=\"og:image:type\" content=\"image\/png\" \/>\n<meta name=\"twitter:card\" content=\"summary_large_image\" \/>\n<meta name=\"twitter:label1\" content=\"Gesch\u00e4tzte Lesezeit\" \/>\n\t<meta name=\"twitter:data1\" content=\"1 Minute\" \/>\n<script type=\"application\/ld+json\" class=\"yoast-schema-graph\">{\"@context\":\"https:\/\/schema.org\",\"@graph\":[{\"@type\":\"WebPage\",\"@id\":\"https:\/\/www.ikt-edvprojekte.eu\/buschka\/ikt4-2024-25\/aschauer.stephanie\/wordpress\/\",\"url\":\"https:\/\/www.ikt-edvprojekte.eu\/buschka\/ikt4-2024-25\/aschauer.stephanie\/wordpress\/\",\"name\":\"Startseite - StartupBoost GmbH\",\"isPartOf\":{\"@id\":\"https:\/\/www.ikt-edvprojekte.eu\/buschka\/ikt4-2024-25\/aschauer.stephanie\/wordpress\/#website\"},\"primaryImageOfPage\":{\"@id\":\"https:\/\/www.ikt-edvprojekte.eu\/buschka\/ikt4-2024-25\/aschauer.stephanie\/wordpress\/#primaryimage\"},\"image\":{\"@id\":\"https:\/\/www.ikt-edvprojekte.eu\/buschka\/ikt4-2024-25\/aschauer.stephanie\/wordpress\/#primaryimage\"},\"thumbnailUrl\":\"https:\/\/www.ikt-edvprojekte.eu\/buschka\/ikt4-2024-25\/aschauer.stephanie\/wordpress\/wp-content\/uploads\/2026\/02\/Startseite-Foto-1-Block-1024x683.png\",\"datePublished\":\"2026-02-02T19:22:16+00:00\",\"dateModified\":\"2026-02-26T09:55:48+00:00\",\"breadcrumb\":{\"@id\":\"https:\/\/www.ikt-edvprojekte.eu\/buschka\/ikt4-2024-25\/aschauer.stephanie\/wordpress\/#breadcrumb\"},\"inLanguage\":\"de-AT\",\"potentialAction\":[{\"@type\":\"ReadAction\",\"target\":[\"https:\/\/www.ikt-edvprojekte.eu\/buschka\/ikt4-2024-25\/aschauer.stephanie\/wordpress\/\"]}]},{\"@type\":\"ImageObject\",\"inLanguage\":\"de-AT\",\"@id\":\"https:\/\/www.ikt-edvprojekte.eu\/buschka\/ikt4-2024-25\/aschauer.stephanie\/wordpress\/#primaryimage\",\"url\":\"https:\/\/www.ikt-edvprojekte.eu\/buschka\/ikt4-2024-25\/aschauer.stephanie\/wordpress\/wp-content\/uploads\/2026\/02\/Startseite-Foto-1-Block.png\",\"contentUrl\":\"https:\/\/www.ikt-edvprojekte.eu\/buschka\/ikt4-2024-25\/aschauer.stephanie\/wordpress\/wp-content\/uploads\/2026\/02\/Startseite-Foto-1-Block.png\",\"width\":1536,\"height\":1024},{\"@type\":\"BreadcrumbList\",\"@id\":\"https:\/\/www.ikt-edvprojekte.eu\/buschka\/ikt4-2024-25\/aschauer.stephanie\/wordpress\/#breadcrumb\",\"itemListElement\":[{\"@type\":\"ListItem\",\"position\":1,\"name\":\"Startseite\",\"item\":\"https:\/\/www.ikt-edvprojekte.eu\/buschka\/ikt4-2024-25\/aschauer.stephanie\/wordpress\/\"},{\"@type\":\"ListItem\",\"position\":2,\"name\":\"Startseite\"}]},{\"@type\":\"WebSite\",\"@id\":\"https:\/\/www.ikt-edvprojekte.eu\/buschka\/ikt4-2024-25\/aschauer.stephanie\/wordpress\/#website\",\"url\":\"https:\/\/www.ikt-edvprojekte.eu\/buschka\/ikt4-2024-25\/aschauer.stephanie\/wordpress\/\",\"name\":\"StartupBoost GmbH\",\"description\":\"\",\"publisher\":{\"@id\":\"https:\/\/www.ikt-edvprojekte.eu\/buschka\/ikt4-2024-25\/aschauer.stephanie\/wordpress\/#organization\"},\"potentialAction\":[{\"@type\":\"SearchAction\",\"target\":{\"@type\":\"EntryPoint\",\"urlTemplate\":\"https:\/\/www.ikt-edvprojekte.eu\/buschka\/ikt4-2024-25\/aschauer.stephanie\/wordpress\/?s={search_term_string}\"},\"query-input\":{\"@type\":\"PropertyValueSpecification\",\"valueRequired\":true,\"valueName\":\"search_term_string\"}}],\"inLanguage\":\"de-AT\"},{\"@type\":\"Organization\",\"@id\":\"https:\/\/www.ikt-edvprojekte.eu\/buschka\/ikt4-2024-25\/aschauer.stephanie\/wordpress\/#organization\",\"name\":\"StartupBoost GmbH\",\"url\":\"https:\/\/www.ikt-edvprojekte.eu\/buschka\/ikt4-2024-25\/aschauer.stephanie\/wordpress\/\",\"logo\":{\"@type\":\"ImageObject\",\"inLanguage\":\"de-AT\",\"@id\":\"https:\/\/www.ikt-edvprojekte.eu\/buschka\/ikt4-2024-25\/aschauer.stephanie\/wordpress\/#\/schema\/logo\/image\/\",\"url\":\"https:\/\/www.ikt-edvprojekte.eu\/buschka\/ikt4-2024-25\/aschauer.stephanie\/wordpress\/wp-content\/uploads\/2026\/02\/cropped-Moderne-Grafik-fuer-StartupBoost-GmbH-3.png\",\"contentUrl\":\"https:\/\/www.ikt-edvprojekte.eu\/buschka\/ikt4-2024-25\/aschauer.stephanie\/wordpress\/wp-content\/uploads\/2026\/02\/cropped-Moderne-Grafik-fuer-StartupBoost-GmbH-3.png\",\"width\":1164,\"height\":433,\"caption\":\"StartupBoost GmbH\"},\"image\":{\"@id\":\"https:\/\/www.ikt-edvprojekte.eu\/buschka\/ikt4-2024-25\/aschauer.stephanie\/wordpress\/#\/schema\/logo\/image\/\"}}]}<\/script>\n<!-- \/ Yoast SEO plugin. -->","yoast_head_json":{"title":"Startseite - StartupBoost GmbH","robots":{"index":"noindex","follow":"follow","max-snippet":"max-snippet:-1","max-image-preview":"max-image-preview:large","max-video-preview":"max-video-preview:-1"},"og_locale":"de_DE","og_type":"article","og_title":"Startseite - StartupBoost GmbH","og_description":"F\u00f6rderberatung Wir unterst\u00fctzen Startups dabei, passende F\u00f6rderprogramme und Zusch\u00fcsse zu finden. Businessplan Wir erstellen professionelle Business- und Finanzpl\u00e4ne f\u00fcr Startups [&hellip;]","og_url":"https:\/\/www.ikt-edvprojekte.eu\/buschka\/ikt4-2024-25\/aschauer.stephanie\/wordpress\/","og_site_name":"StartupBoost GmbH","article_modified_time":"2026-02-26T09:55:48+00:00","og_image":[{"width":1536,"height":1024,"url":"https:\/\/www.ikt-edvprojekte.eu\/buschka\/ikt4-2024-25\/aschauer.stephanie\/wordpress\/wp-content\/uploads\/2026\/02\/Startseite-Foto-1-Block.png","type":"image\/png"}],"twitter_card":"summary_large_image","twitter_misc":{"Gesch\u00e4tzte Lesezeit":"1 Minute"},"schema":{"@context":"https:\/\/schema.org","@graph":[{"@type":"WebPage","@id":"https:\/\/www.ikt-edvprojekte.eu\/buschka\/ikt4-2024-25\/aschauer.stephanie\/wordpress\/","url":"https:\/\/www.ikt-edvprojekte.eu\/buschka\/ikt4-2024-25\/aschauer.stephanie\/wordpress\/","name":"Startseite - StartupBoost GmbH","isPartOf":{"@id":"https:\/\/www.ikt-edvprojekte.eu\/buschka\/ikt4-2024-25\/aschauer.stephanie\/wordpress\/#website"},"primaryImageOfPage":{"@id":"https:\/\/www.ikt-edvprojekte.eu\/buschka\/ikt4-2024-25\/aschauer.stephanie\/wordpress\/#primaryimage"},"image":{"@id":"https:\/\/www.ikt-edvprojekte.eu\/buschka\/ikt4-2024-25\/aschauer.stephanie\/wordpress\/#primaryimage"},"thumbnailUrl":"https:\/\/www.ikt-edvprojekte.eu\/buschka\/ikt4-2024-25\/aschauer.stephanie\/wordpress\/wp-content\/uploads\/2026\/02\/Startseite-Foto-1-Block-1024x683.png","datePublished":"2026-02-02T19:22:16+00:00","dateModified":"2026-02-26T09:55:48+00:00","breadcrumb":{"@id":"https:\/\/www.ikt-edvprojekte.eu\/buschka\/ikt4-2024-25\/aschauer.stephanie\/wordpress\/#breadcrumb"},"inLanguage":"de-AT","potentialAction":[{"@type":"ReadAction","target":["https:\/\/www.ikt-edvprojekte.eu\/buschka\/ikt4-2024-25\/aschauer.stephanie\/wordpress\/"]}]},{"@type":"ImageObject","inLanguage":"de-AT","@id":"https:\/\/www.ikt-edvprojekte.eu\/buschka\/ikt4-2024-25\/aschauer.stephanie\/wordpress\/#primaryimage","url":"https:\/\/www.ikt-edvprojekte.eu\/buschka\/ikt4-2024-25\/aschauer.stephanie\/wordpress\/wp-content\/uploads\/2026\/02\/Startseite-Foto-1-Block.png","contentUrl":"https:\/\/www.ikt-edvprojekte.eu\/buschka\/ikt4-2024-25\/aschauer.stephanie\/wordpress\/wp-content\/uploads\/2026\/02\/Startseite-Foto-1-Block.png","width":1536,"height":1024},{"@type":"BreadcrumbList","@id":"https:\/\/www.ikt-edvprojekte.eu\/buschka\/ikt4-2024-25\/aschauer.stephanie\/wordpress\/#breadcrumb","itemListElement":[{"@type":"ListItem","position":1,"name":"Startseite","item":"https:\/\/www.ikt-edvprojekte.eu\/buschka\/ikt4-2024-25\/aschauer.stephanie\/wordpress\/"},{"@type":"ListItem","position":2,"name":"Startseite"}]},{"@type":"WebSite","@id":"https:\/\/www.ikt-edvprojekte.eu\/buschka\/ikt4-2024-25\/aschauer.stephanie\/wordpress\/#website","url":"https:\/\/www.ikt-edvprojekte.eu\/buschka\/ikt4-2024-25\/aschauer.stephanie\/wordpress\/","name":"StartupBoost GmbH","description":"","publisher":{"@id":"https:\/\/www.ikt-edvprojekte.eu\/buschka\/ikt4-2024-25\/aschauer.stephanie\/wordpress\/#organization"},"potentialAction":[{"@type":"SearchAction","target":{"@type":"EntryPoint","urlTemplate":"https:\/\/www.ikt-edvprojekte.eu\/buschka\/ikt4-2024-25\/aschauer.stephanie\/wordpress\/?s={search_term_string}"},"query-input":{"@type":"PropertyValueSpecification","valueRequired":true,"valueName":"search_term_string"}}],"inLanguage":"de-AT"},{"@type":"Organization","@id":"https:\/\/www.ikt-edvprojekte.eu\/buschka\/ikt4-2024-25\/aschauer.stephanie\/wordpress\/#organization","name":"StartupBoost GmbH","url":"https:\/\/www.ikt-edvprojekte.eu\/buschka\/ikt4-2024-25\/aschauer.stephanie\/wordpress\/","logo":{"@type":"ImageObject","inLanguage":"de-AT","@id":"https:\/\/www.ikt-edvprojekte.eu\/buschka\/ikt4-2024-25\/aschauer.stephanie\/wordpress\/#\/schema\/logo\/image\/","url":"https:\/\/www.ikt-edvprojekte.eu\/buschka\/ikt4-2024-25\/aschauer.stephanie\/wordpress\/wp-content\/uploads\/2026\/02\/cropped-Moderne-Grafik-fuer-StartupBoost-GmbH-3.png","contentUrl":"https:\/\/www.ikt-edvprojekte.eu\/buschka\/ikt4-2024-25\/aschauer.stephanie\/wordpress\/wp-content\/uploads\/2026\/02\/cropped-Moderne-Grafik-fuer-StartupBoost-GmbH-3.png","width":1164,"height":433,"caption":"StartupBoost GmbH"},"image":{"@id":"https:\/\/www.ikt-edvprojekte.eu\/buschka\/ikt4-2024-25\/aschauer.stephanie\/wordpress\/#\/schema\/logo\/image\/"}}]}},"uagb_featured_image_src":{"full":false,"thumbnail":false,"medium":false,"medium_large":false,"large":false,"1536x1536":false,"2048x2048":false,"woocommerce_thumbnail":false,"woocommerce_single":false,"woocommerce_gallery_thumbnail":false},"uagb_author_info":{"display_name":"aschauer.s","author_link":"https:\/\/www.ikt-edvprojekte.eu\/buschka\/ikt4-2024-25\/aschauer.stephanie\/wordpress\/author\/aschauer-s\/"},"uagb_comment_info":0,"uagb_excerpt":"F\u00f6rderberatung Wir unterst\u00fctzen Startups dabei, passende F\u00f6rderprogramme und Zusch\u00fcsse zu finden. Businessplan Wir erstellen professionelle Business- und Finanzpl\u00e4ne f\u00fcr Startups [&hellip;]","jetpack_sharing_enabled":true,"_links":{"self":[{"href":"https:\/\/www.ikt-edvprojekte.eu\/buschka\/ikt4-2024-25\/aschauer.stephanie\/wordpress\/wp-json\/wp\/v2\/pages\/29","targetHints":{"allow":["GET"]}}],"collection":[{"href":"https:\/\/www.ikt-edvprojekte.eu\/buschka\/ikt4-2024-25\/aschauer.stephanie\/wordpress\/wp-json\/wp\/v2\/pages"}],"about":[{"href":"https:\/\/www.ikt-edvprojekte.eu\/buschka\/ikt4-2024-25\/aschauer.stephanie\/wordpress\/wp-json\/wp\/v2\/types\/page"}],"author":[{"embeddable":true,"href":"https:\/\/www.ikt-edvprojekte.eu\/buschka\/ikt4-2024-25\/aschauer.stephanie\/wordpress\/wp-json\/wp\/v2\/users\/1"}],"replies":[{"embeddable":true,"href":"https:\/\/www.ikt-edvprojekte.eu\/buschka\/ikt4-2024-25\/aschauer.stephanie\/wordpress\/wp-json\/wp\/v2\/comments?post=29"}],"version-history":[{"count":17,"href":"https:\/\/www.ikt-edvprojekte.eu\/buschka\/ikt4-2024-25\/aschauer.stephanie\/wordpress\/wp-json\/wp\/v2\/pages\/29\/revisions"}],"predecessor-version":[{"id":306,"href":"https:\/\/www.ikt-edvprojekte.eu\/buschka\/ikt4-2024-25\/aschauer.stephanie\/wordpress\/wp-json\/wp\/v2\/pages\/29\/revisions\/306"}],"wp:attachment":[{"href":"https:\/\/www.ikt-edvprojekte.eu\/buschka\/ikt4-2024-25\/aschauer.stephanie\/wordpress\/wp-json\/wp\/v2\/media?parent=29"}],"curies":[{"name":"wp","href":"https:\/\/api.w.org\/{rel}","templated":true}]}}